{"id":1287,"date":"2024-01-21T09:35:51","date_gmt":"2024-01-21T14:35:51","guid":{"rendered":"https:\/\/temp4.turnbull.co\/?page_id=1287"},"modified":"2024-01-21T13:52:01","modified_gmt":"2024-01-21T18:52:01","slug":"a-propos-de-notre-clinique-juridique","status":"publish","type":"page","link":"https:\/\/janefinchcommunitylegalservices.ca\/fr\/qui-nous-sommes\/a-propos-de-notre-clinique-juridique\/","title":{"rendered":"\u00c0 propos de notre clinique juridique"},"content":{"rendered":"\n<p>Les Services juridiques communautaires de Jane Finch sont l&rsquo;une des nombreuses cliniques juridiques communautaires ind\u00e9pendantes financ\u00e9es par Aide juridique Ontario. En 1998, la Loi sur les services d\u2019aide juridique a cr\u00e9\u00e9 Aide juridique Ontario, une soci\u00e9t\u00e9 ind\u00e9pendante sans but lucratif qui a repris la responsabilit\u00e9 de l\u2019administration des services d\u2019aide juridique de l\u2019Ontario de son pr\u00e9d\u00e9cesseur, le R\u00e9gime d\u2019aide juridique de l\u2019Ontario. La Loi sur les services d&rsquo;aide juridique pr\u00e9voit sp\u00e9cifiquement la prestation de services par des cliniques juridiques communautaires, reconnaissant ainsi l&rsquo;importance de ce mod\u00e8le de prestation de services en mati\u00e8re de droit des pauvres.<\/p>\n<p>Les Services juridiques communautaires de Jane Finch a \u00e9t\u00e9 constitu\u00e9e en 1981 et a toujours fourni des services juridiques de haute qualit\u00e9 \u00e0 la communaut\u00e9 Jane Finch. La Clinique offre des services gratuits dans les domaines du droit qui touchent le plus les personnes \u00e0 faible revenu.<\/p>\n<p>Trois groupes composent la structure des Services juridiques communautaires Jane Finch. Premi\u00e8rement, il y a nos clients dont nous essayons de d\u00e9fendre les droits et les besoins l\u00e9gaux. Le deuxi\u00e8me groupe est constitu\u00e9 d&rsquo;un conseil d&rsquo;administration b\u00e9n\u00e9vole \u00e9lu par les membres de la Clinique pour g\u00e9rer la prestation des services juridiques \u00e0 la communaut\u00e9. Le troisi\u00e8me groupe est le personnel de la clinique, qui fournit des services juridiques \u00e0 la communaut\u00e9. Notre personnel actuel est compos\u00e9 d&rsquo;un avocat\/directeur ex\u00e9cutif, de deux avocats salari\u00e9s, de deux travailleurs juridiques communautaires, d&rsquo;un gestionnaire de bureau, d&rsquo;un personnel de soutien et d&rsquo;un r\u00e9ceptionniste\/agent d&rsquo;accueil.<\/p>\n<h2>\u00c9nonc\u00e9 de mission<\/h2>\n<p>Jane Finch Community Legal Services fournit des services juridiques gratuits, de qualit\u00e9 et impartiaux, y compris l&rsquo;\u00e9ducation juridique publique, la r\u00e9forme du droit et le d\u00e9veloppement communautaire aux r\u00e9sidents \u00e0 faible revenu dans les limites g\u00e9ographiques de l&rsquo;organisation<strong><u>.<\/u><\/strong><\/p>\n<h2>\u00c9nonc\u00e9 de vision<\/h2>\n<p>\u00catre le point focal de la communaut\u00e9 en donnant acc\u00e8s \u00e0 la justice \u00e0 ceux qui en ont besoin.<\/p>\n","protected":false},"excerpt":{"rendered":"<p>Les Services juridiques communautaires de Jane Finch sont l&rsquo;une des nombreuses cliniques juridiques communautaires ind\u00e9pendantes financ\u00e9es par Aide juridique Ontario. En 1998, la Loi sur les services d\u2019aide juridique a cr\u00e9\u00e9 Aide juridique Ontario, une soci\u00e9t\u00e9 ind\u00e9pendante sans but lucratif qui a repris la responsabilit\u00e9 de l\u2019administration des services d\u2019aide juridique de l\u2019Ontario de son pr\u00e9d\u00e9cesseur,<\/p>\n","protected":false},"author":2,"featured_media":0,"parent":1285,"menu_order":0,"comment_status":"closed","ping_status":"closed","template":"","meta":{"footnotes":""},"class_list":["post-1287","page","type-page","status-publish","hentry"],"yoast_head":"<!-- This site is optimized with the Yoast SEO plugin v22.0 - https:\/\/yoast.com\/wordpress\/plugins\/seo\/ -->\n<title>\u00c0 propos de notre clinique juridique - Jane Finch Community Legal Services<\/title>\n<meta name=\"robots\" content=\"index, follow, max-snippet:-1, max-image-preview:large, max-video-preview:-1\" \/>\n<link rel=\"canonical\" href=\"https:\/\/janefinchcommunitylegalservices.ca\/fr\/qui-nous-sommes\/a-propos-de-notre-clinique-juridique\/\" \/>\n<meta property=\"og:locale\" content=\"fr_FR\" \/>\n<meta property=\"og:type\" content=\"article\" \/>\n<meta property=\"og:title\" content=\"\u00c0 propos de notre clinique juridique - Jane Finch Community Legal Services\" \/>\n<meta property=\"og:description\" content=\"Les Services juridiques communautaires de Jane Finch sont l&rsquo;une des nombreuses cliniques juridiques communautaires ind\u00e9pendantes financ\u00e9es par Aide juridique Ontario. En 1998, la Loi sur les services d\u2019aide juridique a cr\u00e9\u00e9 Aide juridique Ontario, une soci\u00e9t\u00e9 ind\u00e9pendante sans but lucratif qui a repris la responsabilit\u00e9 de l\u2019administration des services d\u2019aide juridique de l\u2019Ontario de son pr\u00e9d\u00e9cesseur,\" \/>\n<meta property=\"og:url\" content=\"https:\/\/janefinchcommunitylegalservices.ca\/fr\/qui-nous-sommes\/a-propos-de-notre-clinique-juridique\/\" \/>\n<meta property=\"og:site_name\" content=\"Jane Finch Community Legal Services\" \/>\n<meta property=\"article:modified_time\" content=\"2024-01-21T18:52:01+00:00\" \/>\n<meta name=\"twitter:card\" content=\"summary_large_image\" \/>\n<meta name=\"twitter:label1\" content=\"Est. reading time\" \/>\n\t<meta name=\"twitter:data1\" content=\"2 minutes\" \/>\n<script type=\"application\/ld+json\" class=\"yoast-schema-graph\">{\"@context\":\"https:\/\/schema.org\",\"@graph\":[{\"@type\":\"WebPage\",\"@id\":\"https:\/\/janefinchcommunitylegalservices.ca\/fr\/qui-nous-sommes\/a-propos-de-notre-clinique-juridique\/\",\"url\":\"https:\/\/janefinchcommunitylegalservices.ca\/fr\/qui-nous-sommes\/a-propos-de-notre-clinique-juridique\/\",\"name\":\"\u00c0 propos de notre clinique juridique - Jane Finch Community Legal Services\",\"isPartOf\":{\"@id\":\"https:\/\/janefinchcommunitylegalservices.ca\/#website\"},\"datePublished\":\"2024-01-21T14:35:51+00:00\",\"dateModified\":\"2024-01-21T18:52:01+00:00\",\"breadcrumb\":{\"@id\":\"https:\/\/janefinchcommunitylegalservices.ca\/fr\/qui-nous-sommes\/a-propos-de-notre-clinique-juridique\/#breadcrumb\"},\"inLanguage\":\"fr-FR\",\"potentialAction\":[{\"@type\":\"ReadAction\",\"target\":[\"https:\/\/janefinchcommunitylegalservices.ca\/fr\/qui-nous-sommes\/a-propos-de-notre-clinique-juridique\/\"]}]},{\"@type\":\"BreadcrumbList\",\"@id\":\"https:\/\/janefinchcommunitylegalservices.ca\/fr\/qui-nous-sommes\/a-propos-de-notre-clinique-juridique\/#breadcrumb\",\"itemListElement\":[{\"@type\":\"ListItem\",\"position\":1,\"name\":\"Home\",\"item\":\"https:\/\/janefinchcommunitylegalservices.ca\/fr\/\"},{\"@type\":\"ListItem\",\"position\":2,\"name\":\"Qui nous sommes\",\"item\":\"https:\/\/janefinchcommunitylegalservices.ca\/fr\/qui-nous-sommes\/\"},{\"@type\":\"ListItem\",\"position\":3,\"name\":\"\u00c0 propos de notre clinique juridique\"}]},{\"@type\":\"WebSite\",\"@id\":\"https:\/\/janefinchcommunitylegalservices.ca\/#website\",\"url\":\"https:\/\/janefinchcommunitylegalservices.ca\/\",\"name\":\"Jane Finch Community Legal Services\",\"description\":\"\",\"potentialAction\":[{\"@type\":\"SearchAction\",\"target\":{\"@type\":\"EntryPoint\",\"urlTemplate\":\"https:\/\/janefinchcommunitylegalservices.ca\/?s={search_term_string}\"},\"query-input\":\"required name=search_term_string\"}],\"inLanguage\":\"fr-FR\"}]}<\/script>\n<!-- \/ Yoast SEO plugin. -->","yoast_head_json":{"title":"\u00c0 propos de notre clinique juridique - Jane Finch Community Legal Services","robots":{"index":"index","follow":"follow","max-snippet":"max-snippet:-1","max-image-preview":"max-image-preview:large","max-video-preview":"max-video-preview:-1"},"canonical":"https:\/\/janefinchcommunitylegalservices.ca\/fr\/qui-nous-sommes\/a-propos-de-notre-clinique-juridique\/","og_locale":"fr_FR","og_type":"article","og_title":"\u00c0 propos de notre clinique juridique - Jane Finch Community Legal Services","og_description":"Les Services juridiques communautaires de Jane Finch sont l&rsquo;une des nombreuses cliniques juridiques communautaires ind\u00e9pendantes financ\u00e9es par Aide juridique Ontario. En 1998, la Loi sur les services d\u2019aide juridique a cr\u00e9\u00e9 Aide juridique Ontario, une soci\u00e9t\u00e9 ind\u00e9pendante sans but lucratif qui a repris la responsabilit\u00e9 de l\u2019administration des services d\u2019aide juridique de l\u2019Ontario de son pr\u00e9d\u00e9cesseur,","og_url":"https:\/\/janefinchcommunitylegalservices.ca\/fr\/qui-nous-sommes\/a-propos-de-notre-clinique-juridique\/","og_site_name":"Jane Finch Community Legal Services","article_modified_time":"2024-01-21T18:52:01+00:00","twitter_card":"summary_large_image","twitter_misc":{"Est. reading time":"2 minutes"},"schema":{"@context":"https:\/\/schema.org","@graph":[{"@type":"WebPage","@id":"https:\/\/janefinchcommunitylegalservices.ca\/fr\/qui-nous-sommes\/a-propos-de-notre-clinique-juridique\/","url":"https:\/\/janefinchcommunitylegalservices.ca\/fr\/qui-nous-sommes\/a-propos-de-notre-clinique-juridique\/","name":"\u00c0 propos de notre clinique juridique - Jane Finch Community Legal Services","isPartOf":{"@id":"https:\/\/janefinchcommunitylegalservices.ca\/#website"},"datePublished":"2024-01-21T14:35:51+00:00","dateModified":"2024-01-21T18:52:01+00:00","breadcrumb":{"@id":"https:\/\/janefinchcommunitylegalservices.ca\/fr\/qui-nous-sommes\/a-propos-de-notre-clinique-juridique\/#breadcrumb"},"inLanguage":"fr-FR","potentialAction":[{"@type":"ReadAction","target":["https:\/\/janefinchcommunitylegalservices.ca\/fr\/qui-nous-sommes\/a-propos-de-notre-clinique-juridique\/"]}]},{"@type":"BreadcrumbList","@id":"https:\/\/janefinchcommunitylegalservices.ca\/fr\/qui-nous-sommes\/a-propos-de-notre-clinique-juridique\/#breadcrumb","itemListElement":[{"@type":"ListItem","position":1,"name":"Home","item":"https:\/\/janefinchcommunitylegalservices.ca\/fr\/"},{"@type":"ListItem","position":2,"name":"Qui nous sommes","item":"https:\/\/janefinchcommunitylegalservices.ca\/fr\/qui-nous-sommes\/"},{"@type":"ListItem","position":3,"name":"\u00c0 propos de notre clinique juridique"}]},{"@type":"WebSite","@id":"https:\/\/janefinchcommunitylegalservices.ca\/#website","url":"https:\/\/janefinchcommunitylegalservices.ca\/","name":"Jane Finch Community Legal Services","description":"","potentialAction":[{"@type":"SearchAction","target":{"@type":"EntryPoint","urlTemplate":"https:\/\/janefinchcommunitylegalservices.ca\/?s={search_term_string}"},"query-input":"required name=search_term_string"}],"inLanguage":"fr-FR"}]}},"_links":{"self":[{"href":"https:\/\/janefinchcommunitylegalservices.ca\/fr\/wp-json\/wp\/v2\/pages\/1287","targetHints":{"allow":["GET"]}}],"collection":[{"href":"https:\/\/janefinchcommunitylegalservices.ca\/fr\/wp-json\/wp\/v2\/pages"}],"about":[{"href":"https:\/\/janefinchcommunitylegalservices.ca\/fr\/wp-json\/wp\/v2\/types\/page"}],"author":[{"embeddable":true,"href":"https:\/\/janefinchcommunitylegalservices.ca\/fr\/wp-json\/wp\/v2\/users\/2"}],"replies":[{"embeddable":true,"href":"https:\/\/janefinchcommunitylegalservices.ca\/fr\/wp-json\/wp\/v2\/comments?post=1287"}],"version-history":[{"count":1,"href":"https:\/\/janefinchcommunitylegalservices.ca\/fr\/wp-json\/wp\/v2\/pages\/1287\/revisions"}],"predecessor-version":[{"id":1288,"href":"https:\/\/janefinchcommunitylegalservices.ca\/fr\/wp-json\/wp\/v2\/pages\/1287\/revisions\/1288"}],"up":[{"embeddable":true,"href":"https:\/\/janefinchcommunitylegalservices.ca\/fr\/wp-json\/wp\/v2\/pages\/1285"}],"wp:attachment":[{"href":"https:\/\/janefinchcommunitylegalservices.ca\/fr\/wp-json\/wp\/v2\/media?parent=1287"}],"curies":[{"name":"wp","href":"https:\/\/api.w.org\/{rel}","templated":true}]}}