{"id":1289,"date":"2024-01-21T09:38:34","date_gmt":"2024-01-21T14:38:34","guid":{"rendered":"https:\/\/temp4.turnbull.co\/?page_id=1289"},"modified":"2024-01-21T13:54:10","modified_gmt":"2024-01-21T18:54:10","slug":"adhesion","status":"publish","type":"page","link":"https:\/\/janefinchcommunitylegalservices.ca\/fr\/qui-nous-sommes\/adhesion\/","title":{"rendered":"Adh\u00e9sion"},"content":{"rendered":"\n<p>La Loi sur les personnes morales de l&rsquo;Ontario exige qu&rsquo;une soci\u00e9t\u00e9 \u00e0 but non lucratif compte au moins trois membres. \u00c0 moins que les lettres patentes ou les r\u00e8glements n&rsquo;en disposent autrement, il n&rsquo;y a aucune limite quant au nombre maximum de membres qu&rsquo;une soci\u00e9t\u00e9 \u00e0 but non lucratif peut compter. Les Services juridiques communautaires Jane Finch sont une organisation \u00e0 but non lucratif et nos statuts n&rsquo;imposent aucune limite quant au nombre de membres que la clinique peut compter.<\/p>\n<p>Tout client pr\u00e9sent ou pass\u00e9 de la Clinique peut \u00eatre membre de la Clinique sans demande formelle.<\/p>\n<p>Toute autre personne peut postuler au conseil d\u2019administration pour devenir membre de la Clinique.<\/p>\n<p>Un membre peut se retirer en donnant un avis \u00e9crit au conseil d&rsquo;administration.<\/p>\n<p>L&rsquo;adh\u00e9sion vous permet de voter, d&rsquo;assister \u00e0 certaines r\u00e9unions et d&rsquo;obtenir des informations. Vous pouvez \u00e9galement \u00eatre nomm\u00e9 ou \u00e9lu par les membres pour si\u00e9ger en tant que membre du conseil d&rsquo;administration.<\/p>\n<p>Si vous le souhaitez, vous pouvez t\u00e9l\u00e9charger un <a href=\"\/wp-content\/uploads\/2019\/08\/board-membership-form.pdf\" target=\"_blank\" rel=\"noopener\">formulaire de demande d&rsquo;adh\u00e9sion<\/a>, le remplir et nous le poster ou le faxer.<\/p>\n","protected":false},"excerpt":{"rendered":"<p>La Loi sur les personnes morales de l&rsquo;Ontario exige qu&rsquo;une soci\u00e9t\u00e9 \u00e0 but non lucratif compte au moins trois membres. \u00c0 moins que les lettres patentes ou les r\u00e8glements n&rsquo;en disposent autrement, il n&rsquo;y a aucune limite quant au nombre maximum de membres qu&rsquo;une soci\u00e9t\u00e9 \u00e0 but non lucratif peut compter.<\/p>\n","protected":false},"author":2,"featured_media":0,"parent":1285,"menu_order":0,"comment_status":"closed","ping_status":"closed","template":"","meta":{"footnotes":""},"class_list":["post-1289","page","type-page","status-publish","hentry"],"yoast_head":"<!-- This site is optimized with the Yoast SEO plugin v22.0 - https:\/\/yoast.com\/wordpress\/plugins\/seo\/ -->\n<title>Adh\u00e9sion - Jane Finch Community Legal Services<\/title>\n<meta name=\"robots\" content=\"index, follow, max-snippet:-1, max-image-preview:large, max-video-preview:-1\" \/>\n<link rel=\"canonical\" href=\"https:\/\/janefinchcommunitylegalservices.ca\/fr\/qui-nous-sommes\/adhesion\/\" \/>\n<meta property=\"og:locale\" content=\"fr_FR\" \/>\n<meta property=\"og:type\" content=\"article\" \/>\n<meta property=\"og:title\" content=\"Adh\u00e9sion - Jane Finch Community Legal Services\" \/>\n<meta property=\"og:description\" content=\"La Loi sur les personnes morales de l&rsquo;Ontario exige qu&rsquo;une soci\u00e9t\u00e9 \u00e0 but non lucratif compte au moins trois membres. \u00c0 moins que les lettres patentes ou les r\u00e8glements n&rsquo;en disposent autrement, il n&rsquo;y a aucune limite quant au nombre maximum de membres qu&rsquo;une soci\u00e9t\u00e9 \u00e0 but non lucratif peut compter.\" \/>\n<meta property=\"og:url\" content=\"https:\/\/janefinchcommunitylegalservices.ca\/fr\/qui-nous-sommes\/adhesion\/\" \/>\n<meta property=\"og:site_name\" content=\"Jane Finch Community Legal Services\" \/>\n<meta property=\"article:modified_time\" content=\"2024-01-21T18:54:10+00:00\" \/>\n<meta name=\"twitter:card\" content=\"summary_large_image\" \/>\n<meta name=\"twitter:label1\" content=\"Est. reading time\" \/>\n\t<meta name=\"twitter:data1\" content=\"1 minute\" \/>\n<script type=\"application\/ld+json\" class=\"yoast-schema-graph\">{\"@context\":\"https:\/\/schema.org\",\"@graph\":[{\"@type\":\"WebPage\",\"@id\":\"https:\/\/janefinchcommunitylegalservices.ca\/fr\/qui-nous-sommes\/adhesion\/\",\"url\":\"https:\/\/janefinchcommunitylegalservices.ca\/fr\/qui-nous-sommes\/adhesion\/\",\"name\":\"Adh\u00e9sion - Jane Finch Community Legal Services\",\"isPartOf\":{\"@id\":\"https:\/\/janefinchcommunitylegalservices.ca\/#website\"},\"datePublished\":\"2024-01-21T14:38:34+00:00\",\"dateModified\":\"2024-01-21T18:54:10+00:00\",\"breadcrumb\":{\"@id\":\"https:\/\/janefinchcommunitylegalservices.ca\/fr\/qui-nous-sommes\/adhesion\/#breadcrumb\"},\"inLanguage\":\"fr-FR\",\"potentialAction\":[{\"@type\":\"ReadAction\",\"target\":[\"https:\/\/janefinchcommunitylegalservices.ca\/fr\/qui-nous-sommes\/adhesion\/\"]}]},{\"@type\":\"BreadcrumbList\",\"@id\":\"https:\/\/janefinchcommunitylegalservices.ca\/fr\/qui-nous-sommes\/adhesion\/#breadcrumb\",\"itemListElement\":[{\"@type\":\"ListItem\",\"position\":1,\"name\":\"Home\",\"item\":\"https:\/\/janefinchcommunitylegalservices.ca\/fr\/\"},{\"@type\":\"ListItem\",\"position\":2,\"name\":\"Qui nous sommes\",\"item\":\"https:\/\/janefinchcommunitylegalservices.ca\/fr\/qui-nous-sommes\/\"},{\"@type\":\"ListItem\",\"position\":3,\"name\":\"Adh\u00e9sion\"}]},{\"@type\":\"WebSite\",\"@id\":\"https:\/\/janefinchcommunitylegalservices.ca\/#website\",\"url\":\"https:\/\/janefinchcommunitylegalservices.ca\/\",\"name\":\"Jane Finch Community Legal Services\",\"description\":\"\",\"potentialAction\":[{\"@type\":\"SearchAction\",\"target\":{\"@type\":\"EntryPoint\",\"urlTemplate\":\"https:\/\/janefinchcommunitylegalservices.ca\/?s={search_term_string}\"},\"query-input\":\"required name=search_term_string\"}],\"inLanguage\":\"fr-FR\"}]}<\/script>\n<!-- \/ Yoast SEO plugin. -->","yoast_head_json":{"title":"Adh\u00e9sion - Jane Finch Community Legal Services","robots":{"index":"index","follow":"follow","max-snippet":"max-snippet:-1","max-image-preview":"max-image-preview:large","max-video-preview":"max-video-preview:-1"},"canonical":"https:\/\/janefinchcommunitylegalservices.ca\/fr\/qui-nous-sommes\/adhesion\/","og_locale":"fr_FR","og_type":"article","og_title":"Adh\u00e9sion - Jane Finch Community Legal Services","og_description":"La Loi sur les personnes morales de l&rsquo;Ontario exige qu&rsquo;une soci\u00e9t\u00e9 \u00e0 but non lucratif compte au moins trois membres. \u00c0 moins que les lettres patentes ou les r\u00e8glements n&rsquo;en disposent autrement, il n&rsquo;y a aucune limite quant au nombre maximum de membres qu&rsquo;une soci\u00e9t\u00e9 \u00e0 but non lucratif peut compter.","og_url":"https:\/\/janefinchcommunitylegalservices.ca\/fr\/qui-nous-sommes\/adhesion\/","og_site_name":"Jane Finch Community Legal Services","article_modified_time":"2024-01-21T18:54:10+00:00","twitter_card":"summary_large_image","twitter_misc":{"Est. reading time":"1 minute"},"schema":{"@context":"https:\/\/schema.org","@graph":[{"@type":"WebPage","@id":"https:\/\/janefinchcommunitylegalservices.ca\/fr\/qui-nous-sommes\/adhesion\/","url":"https:\/\/janefinchcommunitylegalservices.ca\/fr\/qui-nous-sommes\/adhesion\/","name":"Adh\u00e9sion - Jane Finch Community Legal Services","isPartOf":{"@id":"https:\/\/janefinchcommunitylegalservices.ca\/#website"},"datePublished":"2024-01-21T14:38:34+00:00","dateModified":"2024-01-21T18:54:10+00:00","breadcrumb":{"@id":"https:\/\/janefinchcommunitylegalservices.ca\/fr\/qui-nous-sommes\/adhesion\/#breadcrumb"},"inLanguage":"fr-FR","potentialAction":[{"@type":"ReadAction","target":["https:\/\/janefinchcommunitylegalservices.ca\/fr\/qui-nous-sommes\/adhesion\/"]}]},{"@type":"BreadcrumbList","@id":"https:\/\/janefinchcommunitylegalservices.ca\/fr\/qui-nous-sommes\/adhesion\/#breadcrumb","itemListElement":[{"@type":"ListItem","position":1,"name":"Home","item":"https:\/\/janefinchcommunitylegalservices.ca\/fr\/"},{"@type":"ListItem","position":2,"name":"Qui nous sommes","item":"https:\/\/janefinchcommunitylegalservices.ca\/fr\/qui-nous-sommes\/"},{"@type":"ListItem","position":3,"name":"Adh\u00e9sion"}]},{"@type":"WebSite","@id":"https:\/\/janefinchcommunitylegalservices.ca\/#website","url":"https:\/\/janefinchcommunitylegalservices.ca\/","name":"Jane Finch Community Legal Services","description":"","potentialAction":[{"@type":"SearchAction","target":{"@type":"EntryPoint","urlTemplate":"https:\/\/janefinchcommunitylegalservices.ca\/?s={search_term_string}"},"query-input":"required name=search_term_string"}],"inLanguage":"fr-FR"}]}},"_links":{"self":[{"href":"https:\/\/janefinchcommunitylegalservices.ca\/fr\/wp-json\/wp\/v2\/pages\/1289","targetHints":{"allow":["GET"]}}],"collection":[{"href":"https:\/\/janefinchcommunitylegalservices.ca\/fr\/wp-json\/wp\/v2\/pages"}],"about":[{"href":"https:\/\/janefinchcommunitylegalservices.ca\/fr\/wp-json\/wp\/v2\/types\/page"}],"author":[{"embeddable":true,"href":"https:\/\/janefinchcommunitylegalservices.ca\/fr\/wp-json\/wp\/v2\/users\/2"}],"replies":[{"embeddable":true,"href":"https:\/\/janefinchcommunitylegalservices.ca\/fr\/wp-json\/wp\/v2\/comments?post=1289"}],"version-history":[{"count":1,"href":"https:\/\/janefinchcommunitylegalservices.ca\/fr\/wp-json\/wp\/v2\/pages\/1289\/revisions"}],"predecessor-version":[{"id":1290,"href":"https:\/\/janefinchcommunitylegalservices.ca\/fr\/wp-json\/wp\/v2\/pages\/1289\/revisions\/1290"}],"up":[{"embeddable":true,"href":"https:\/\/janefinchcommunitylegalservices.ca\/fr\/wp-json\/wp\/v2\/pages\/1285"}],"wp:attachment":[{"href":"https:\/\/janefinchcommunitylegalservices.ca\/fr\/wp-json\/wp\/v2\/media?parent=1289"}],"curies":[{"name":"wp","href":"https:\/\/api.w.org\/{rel}","templated":true}]}}