{"id":1296,"date":"2024-01-21T09:50:29","date_gmt":"2024-01-21T14:50:29","guid":{"rendered":"https:\/\/temp4.turnbull.co\/?page_id=1296"},"modified":"2024-01-21T13:59:25","modified_gmt":"2024-01-21T18:59:25","slug":"comment-nous-pouvons-aider","status":"publish","type":"page","link":"https:\/\/janefinchcommunitylegalservices.ca\/fr\/nos-services\/comment-nous-pouvons-aider\/","title":{"rendered":"Comment nous pouvons aider"},"content":{"rendered":"\n<p>Nous fournissons une assistance juridique principalement dans les domaines suivants<\/p>\n<ul>\n<li>Loi sur le logement<\/li>\n<li>Citoyennet\u00e9<\/li>\n<li>R\u00e9sidence permanente<\/li>\n<li>Parrainage<\/li>\n<li>Ontario au travail (OT)<\/li>\n<li>Programme ontarien de soutien aux personnes handicap\u00e9es (POSPH)<\/li>\n<li>R\u00e9gime de pensions du Canada<\/li>\n<li>Prestations de s\u00e9curit\u00e9 de la vieillesse<\/li>\n<li>L\u2019assurance-emploi<\/li>\n<li>Prestation fiscale canadienne pour enfants<\/li>\n<li>Dettes et droit du consommateur<\/li>\n<li>Certifications et assermentations<\/li>\n<li>D\u00e9clarations solonnelles et Affidavits<\/li>\n<li>Procurations<\/li>\n<\/ul>\n<h2>R\u00e9f\u00e9rences<\/h2>\n<p>Nous ne conseillons ni ne repr\u00e9sentons des personnes dans tous les domaines du droit. Si nous ne pouvons pas vous aider, nous vous fournirons une r\u00e9f\u00e9rence.<\/p>\n<h2>Autres services<\/h2>\n<p>En plus de servir des clients individuels, nous aidons les groupes communautaires \u00e0 comprendre la loi. Services juridiques communautaires de Jane Finch propose des conf\u00e9renciers et des programmes \u00e9ducatifs aux groupes de locataires, aux groupes de parents, aux \u00e9coles, aux organisations de femmes, etc. et \u00e0 la communaut\u00e9 dans son ensemble.<\/p>\n","protected":false},"excerpt":{"rendered":"<p>Nous fournissons une assistance juridique principalement dans les domaines suivants<\/p>\n<p>Loi sur le logement<br \/>\nCitoyennet\u00e9<br \/>\nR\u00e9sidence permanente<br \/>\nParrainage<br \/>\nOntario au travail (OT)<br \/>\nProgramme ontarien de soutien aux personnes handicap\u00e9es (POSPH)<br \/>\nR\u00e9gime de pensions du Canada<br \/>\nPrestations de s\u00e9curit\u00e9 de la vieillesse<br \/>\nL\u2019assurance-emploi<br \/>\nPrestation fiscale canadienne pour enfants<br \/>\nDettes et droit du consommateur<br \/>\nCertifications et assermentations<br \/>\nD\u00e9clarations solonnelles et Affidavits<br \/>\nProcurations<\/p>\n<p>R\u00e9f\u00e9rences<br \/>\nNous ne conseillons ni ne repr\u00e9sentons des personnes dans tous les domaines du droit.<\/p>\n","protected":false},"author":2,"featured_media":0,"parent":1294,"menu_order":0,"comment_status":"closed","ping_status":"closed","template":"","meta":{"footnotes":""},"class_list":["post-1296","page","type-page","status-publish","hentry"],"yoast_head":"<!-- This site is optimized with the Yoast SEO plugin v22.0 - https:\/\/yoast.com\/wordpress\/plugins\/seo\/ -->\n<title>Comment nous pouvons aider - Jane Finch Community Legal Services<\/title>\n<meta name=\"robots\" content=\"index, follow, max-snippet:-1, max-image-preview:large, max-video-preview:-1\" \/>\n<link rel=\"canonical\" href=\"https:\/\/janefinchcommunitylegalservices.ca\/fr\/nos-services\/comment-nous-pouvons-aider\/\" \/>\n<meta property=\"og:locale\" content=\"fr_FR\" \/>\n<meta property=\"og:type\" content=\"article\" \/>\n<meta property=\"og:title\" content=\"Comment nous pouvons aider - Jane Finch Community Legal Services\" \/>\n<meta property=\"og:description\" content=\"Nous fournissons une assistance juridique principalement dans les domaines suivants Loi sur le logement Citoyennet\u00e9 R\u00e9sidence permanente Parrainage Ontario au travail (OT) Programme ontarien de soutien aux personnes handicap\u00e9es (POSPH) R\u00e9gime de pensions du Canada Prestations de s\u00e9curit\u00e9 de la vieillesse L\u2019assurance-emploi Prestation fiscale canadienne pour enfants Dettes et droit du consommateur Certifications et assermentations D\u00e9clarations solonnelles et Affidavits Procurations R\u00e9f\u00e9rences Nous ne conseillons ni ne repr\u00e9sentons des personnes dans tous les domaines du droit.\" \/>\n<meta property=\"og:url\" content=\"https:\/\/janefinchcommunitylegalservices.ca\/fr\/nos-services\/comment-nous-pouvons-aider\/\" \/>\n<meta property=\"og:site_name\" content=\"Jane Finch Community Legal Services\" \/>\n<meta property=\"article:modified_time\" content=\"2024-01-21T18:59:25+00:00\" \/>\n<meta name=\"twitter:card\" content=\"summary_large_image\" \/>\n<meta name=\"twitter:label1\" content=\"Est. reading time\" \/>\n\t<meta name=\"twitter:data1\" content=\"1 minute\" \/>\n<script type=\"application\/ld+json\" class=\"yoast-schema-graph\">{\"@context\":\"https:\/\/schema.org\",\"@graph\":[{\"@type\":\"WebPage\",\"@id\":\"https:\/\/janefinchcommunitylegalservices.ca\/fr\/nos-services\/comment-nous-pouvons-aider\/\",\"url\":\"https:\/\/janefinchcommunitylegalservices.ca\/fr\/nos-services\/comment-nous-pouvons-aider\/\",\"name\":\"Comment nous pouvons aider - Jane Finch Community Legal Services\",\"isPartOf\":{\"@id\":\"https:\/\/janefinchcommunitylegalservices.ca\/#website\"},\"datePublished\":\"2024-01-21T14:50:29+00:00\",\"dateModified\":\"2024-01-21T18:59:25+00:00\",\"breadcrumb\":{\"@id\":\"https:\/\/janefinchcommunitylegalservices.ca\/fr\/nos-services\/comment-nous-pouvons-aider\/#breadcrumb\"},\"inLanguage\":\"fr-FR\",\"potentialAction\":[{\"@type\":\"ReadAction\",\"target\":[\"https:\/\/janefinchcommunitylegalservices.ca\/fr\/nos-services\/comment-nous-pouvons-aider\/\"]}]},{\"@type\":\"BreadcrumbList\",\"@id\":\"https:\/\/janefinchcommunitylegalservices.ca\/fr\/nos-services\/comment-nous-pouvons-aider\/#breadcrumb\",\"itemListElement\":[{\"@type\":\"ListItem\",\"position\":1,\"name\":\"Home\",\"item\":\"https:\/\/janefinchcommunitylegalservices.ca\/fr\/\"},{\"@type\":\"ListItem\",\"position\":2,\"name\":\"Nos Services\",\"item\":\"https:\/\/janefinchcommunitylegalservices.ca\/fr\/nos-services\/\"},{\"@type\":\"ListItem\",\"position\":3,\"name\":\"Comment nous pouvons aider\"}]},{\"@type\":\"WebSite\",\"@id\":\"https:\/\/janefinchcommunitylegalservices.ca\/#website\",\"url\":\"https:\/\/janefinchcommunitylegalservices.ca\/\",\"name\":\"Jane Finch Community Legal Services\",\"description\":\"\",\"potentialAction\":[{\"@type\":\"SearchAction\",\"target\":{\"@type\":\"EntryPoint\",\"urlTemplate\":\"https:\/\/janefinchcommunitylegalservices.ca\/?s={search_term_string}\"},\"query-input\":\"required name=search_term_string\"}],\"inLanguage\":\"fr-FR\"}]}<\/script>\n<!-- \/ Yoast SEO plugin. -->","yoast_head_json":{"title":"Comment nous pouvons aider - Jane Finch Community Legal Services","robots":{"index":"index","follow":"follow","max-snippet":"max-snippet:-1","max-image-preview":"max-image-preview:large","max-video-preview":"max-video-preview:-1"},"canonical":"https:\/\/janefinchcommunitylegalservices.ca\/fr\/nos-services\/comment-nous-pouvons-aider\/","og_locale":"fr_FR","og_type":"article","og_title":"Comment nous pouvons aider - Jane Finch Community Legal Services","og_description":"Nous fournissons une assistance juridique principalement dans les domaines suivants Loi sur le logement Citoyennet\u00e9 R\u00e9sidence permanente Parrainage Ontario au travail (OT) Programme ontarien de soutien aux personnes handicap\u00e9es (POSPH) R\u00e9gime de pensions du Canada Prestations de s\u00e9curit\u00e9 de la vieillesse L\u2019assurance-emploi Prestation fiscale canadienne pour enfants Dettes et droit du consommateur Certifications et assermentations D\u00e9clarations solonnelles et Affidavits Procurations R\u00e9f\u00e9rences Nous ne conseillons ni ne repr\u00e9sentons des personnes dans tous les domaines du droit.","og_url":"https:\/\/janefinchcommunitylegalservices.ca\/fr\/nos-services\/comment-nous-pouvons-aider\/","og_site_name":"Jane Finch Community Legal Services","article_modified_time":"2024-01-21T18:59:25+00:00","twitter_card":"summary_large_image","twitter_misc":{"Est. reading time":"1 minute"},"schema":{"@context":"https:\/\/schema.org","@graph":[{"@type":"WebPage","@id":"https:\/\/janefinchcommunitylegalservices.ca\/fr\/nos-services\/comment-nous-pouvons-aider\/","url":"https:\/\/janefinchcommunitylegalservices.ca\/fr\/nos-services\/comment-nous-pouvons-aider\/","name":"Comment nous pouvons aider - Jane Finch Community Legal Services","isPartOf":{"@id":"https:\/\/janefinchcommunitylegalservices.ca\/#website"},"datePublished":"2024-01-21T14:50:29+00:00","dateModified":"2024-01-21T18:59:25+00:00","breadcrumb":{"@id":"https:\/\/janefinchcommunitylegalservices.ca\/fr\/nos-services\/comment-nous-pouvons-aider\/#breadcrumb"},"inLanguage":"fr-FR","potentialAction":[{"@type":"ReadAction","target":["https:\/\/janefinchcommunitylegalservices.ca\/fr\/nos-services\/comment-nous-pouvons-aider\/"]}]},{"@type":"BreadcrumbList","@id":"https:\/\/janefinchcommunitylegalservices.ca\/fr\/nos-services\/comment-nous-pouvons-aider\/#breadcrumb","itemListElement":[{"@type":"ListItem","position":1,"name":"Home","item":"https:\/\/janefinchcommunitylegalservices.ca\/fr\/"},{"@type":"ListItem","position":2,"name":"Nos Services","item":"https:\/\/janefinchcommunitylegalservices.ca\/fr\/nos-services\/"},{"@type":"ListItem","position":3,"name":"Comment nous pouvons aider"}]},{"@type":"WebSite","@id":"https:\/\/janefinchcommunitylegalservices.ca\/#website","url":"https:\/\/janefinchcommunitylegalservices.ca\/","name":"Jane Finch Community Legal Services","description":"","potentialAction":[{"@type":"SearchAction","target":{"@type":"EntryPoint","urlTemplate":"https:\/\/janefinchcommunitylegalservices.ca\/?s={search_term_string}"},"query-input":"required name=search_term_string"}],"inLanguage":"fr-FR"}]}},"_links":{"self":[{"href":"https:\/\/janefinchcommunitylegalservices.ca\/fr\/wp-json\/wp\/v2\/pages\/1296","targetHints":{"allow":["GET"]}}],"collection":[{"href":"https:\/\/janefinchcommunitylegalservices.ca\/fr\/wp-json\/wp\/v2\/pages"}],"about":[{"href":"https:\/\/janefinchcommunitylegalservices.ca\/fr\/wp-json\/wp\/v2\/types\/page"}],"author":[{"embeddable":true,"href":"https:\/\/janefinchcommunitylegalservices.ca\/fr\/wp-json\/wp\/v2\/users\/2"}],"replies":[{"embeddable":true,"href":"https:\/\/janefinchcommunitylegalservices.ca\/fr\/wp-json\/wp\/v2\/comments?post=1296"}],"version-history":[{"count":1,"href":"https:\/\/janefinchcommunitylegalservices.ca\/fr\/wp-json\/wp\/v2\/pages\/1296\/revisions"}],"predecessor-version":[{"id":1297,"href":"https:\/\/janefinchcommunitylegalservices.ca\/fr\/wp-json\/wp\/v2\/pages\/1296\/revisions\/1297"}],"up":[{"embeddable":true,"href":"https:\/\/janefinchcommunitylegalservices.ca\/fr\/wp-json\/wp\/v2\/pages\/1294"}],"wp:attachment":[{"href":"https:\/\/janefinchcommunitylegalservices.ca\/fr\/wp-json\/wp\/v2\/media?parent=1296"}],"curies":[{"name":"wp","href":"https:\/\/api.w.org\/{rel}","templated":true}]}}