{"id":1298,"date":"2024-01-21T09:59:37","date_gmt":"2024-01-21T14:59:37","guid":{"rendered":"https:\/\/temp4.turnbull.co\/?page_id=1298"},"modified":"2024-01-21T14:00:18","modified_gmt":"2024-01-21T19:00:18","slug":"qui-nous-servons","status":"publish","type":"page","link":"https:\/\/janefinchcommunitylegalservices.ca\/fr\/nos-services\/qui-nous-servons\/","title":{"rendered":"Qui nous servons"},"content":{"rendered":"\n<h2>Diff\u00e9rence entre clinique juridique et aide juridique<\/h2>\n<p>Beaucoup de gens sont confus et ne savent pas qui appeler lorsqu\u2019ils ont un probl\u00e8me juridique, sauf pour savoir qu\u2019ils veulent une \u2018aide juridique\u2019. Il existe deux principaux types de services financ\u00e9s par l&rsquo;aide juridique dans la plupart des communaut\u00e9s. Ils proposent des types d\u2019aide assez distincts.<\/p>\n<p>Les bureaux d&rsquo;aide juridique aident g\u00e9n\u00e9ralement les personnes qui ont besoin d&rsquo;un avocat dans une affaire p\u00e9nale ou de droit de la famille. Ils le font en :<\/p>\n<ul>\n<li>D\u00e9livrance de certificats d\u2019aide juridique pour recourir \u00e0 des avocats du secteur priv\u00e9 pour obtenir de l\u2019aide et de la repr\u00e9sentation<\/li>\n<li>Offrir des cliniques d&rsquo;information et de conseils juridiques dans des domaines du droit pour lesquels la clinique juridique n&rsquo;intervient habituellement pas (famille, criminel, immobilier, successions)<\/li>\n<li>Fournir un avocat de service dans la plupart des tribunaux<\/li>\n<\/ul>\n<h2>Fronti\u00e8res<img loading=\"lazy\" decoding=\"async\" class=\"alignright size-full wp-image-901\" src=\"https:\/\/janefinchcommunitylegalservices.ca\/wp-content\/uploads\/2019\/03\/bordermap.png\" alt=\"\" width=\"300\" height=\"250\" srcset=\"https:\/\/janefinchcommunitylegalservices.ca\/wp-content\/uploads\/2019\/03\/bordermap.png 300w, https:\/\/janefinchcommunitylegalservices.ca\/wp-content\/uploads\/2019\/03\/bordermap-90x75.png 90w, https:\/\/janefinchcommunitylegalservices.ca\/wp-content\/uploads\/2019\/03\/bordermap-72x60.png 72w, https:\/\/janefinchcommunitylegalservices.ca\/wp-content\/uploads\/2019\/03\/bordermap-190x158.png 190w, https:\/\/janefinchcommunitylegalservices.ca\/wp-content\/uploads\/2019\/03\/bordermap-204x170.png 204w, https:\/\/janefinchcommunitylegalservices.ca\/wp-content\/uploads\/2019\/03\/bordermap-199x166.png 199w, https:\/\/janefinchcommunitylegalservices.ca\/wp-content\/uploads\/2019\/03\/bordermap-30x25.png 30w, https:\/\/janefinchcommunitylegalservices.ca\/wp-content\/uploads\/2019\/03\/bordermap-24x20.png 24w, https:\/\/janefinchcommunitylegalservices.ca\/wp-content\/uploads\/2019\/03\/bordermap-36x30.png 36w, https:\/\/janefinchcommunitylegalservices.ca\/wp-content\/uploads\/2019\/03\/bordermap-48x40.png 48w\" sizes=\"auto, (max-width: 300px) 100vw, 300px\" \/><\/h2>\n<p>Nous aidons les personnes \u00e0 faible revenu qui habitent dans la zone d\u00e9limit\u00e9e par :<\/p>\n<ul>\n<li>au nord:\u00a0 Avenue Steeles ouest<\/li>\n<li>Au sud : Avenue Falstaff\/ Autoroute 400\/Autoroute 401<\/li>\n<li>\u00e0 l&rsquo;est : Rue Keele<\/li>\n<li>\u00e0 l&rsquo;ouest\u00a0: Rivi\u00e8re Humber<\/li>\n<\/ul>\n<p>Si vous r\u00e9sidez en dehors de la zone indiqu\u00e9e sur la carte, veuillez visiter <a href=\"https:\/\/www.legalaid.on.ca\/legal-clinics\/\" target=\"_blank\" rel=\"noopener\">https:\/\/www.legalaid.on.ca\/legal-clinics\/<\/a> pour trouver votre clinique juridique correspondante.<\/p>\n<h2>Co\u00fbt des services<\/h2>\n<p>Nos services sont GRATUITES. Dans quelques instants, le client doit payer les frais pour le dep\u00f4t d\u2019un requete etc, au besoin.<\/p>\n","protected":false},"excerpt":{"rendered":"<p>Diff\u00e9rence entre clinique juridique et aide juridique<br \/>\nBeaucoup de gens sont confus et ne savent pas qui appeler lorsqu\u2019ils ont un probl\u00e8me juridique, sauf pour savoir qu\u2019ils veulent une \u2018aide juridique\u2019. Il existe deux principaux types de services financ\u00e9s par l&rsquo;aide juridique dans la plupart des communaut\u00e9s. Ils proposent des types d\u2019aide assez distincts.<\/p>\n","protected":false},"author":2,"featured_media":0,"parent":1294,"menu_order":0,"comment_status":"closed","ping_status":"closed","template":"","meta":{"footnotes":""},"class_list":["post-1298","page","type-page","status-publish","hentry"],"yoast_head":"<!-- This site is optimized with the Yoast SEO plugin v22.0 - https:\/\/yoast.com\/wordpress\/plugins\/seo\/ -->\n<title>Qui nous servons - Jane Finch Community Legal Services<\/title>\n<meta name=\"robots\" content=\"index, follow, max-snippet:-1, max-image-preview:large, max-video-preview:-1\" \/>\n<link rel=\"canonical\" href=\"https:\/\/janefinchcommunitylegalservices.ca\/fr\/nos-services\/qui-nous-servons\/\" \/>\n<meta property=\"og:locale\" content=\"fr_FR\" \/>\n<meta property=\"og:type\" content=\"article\" \/>\n<meta property=\"og:title\" content=\"Qui nous servons - Jane Finch Community Legal Services\" \/>\n<meta property=\"og:description\" content=\"Diff\u00e9rence entre clinique juridique et aide juridique Beaucoup de gens sont confus et ne savent pas qui appeler lorsqu\u2019ils ont un probl\u00e8me juridique, sauf pour savoir qu\u2019ils veulent une \u2018aide juridique\u2019. Il existe deux principaux types de services financ\u00e9s par l&rsquo;aide juridique dans la plupart des communaut\u00e9s. Ils proposent des types d\u2019aide assez distincts.\" \/>\n<meta property=\"og:url\" content=\"https:\/\/janefinchcommunitylegalservices.ca\/fr\/nos-services\/qui-nous-servons\/\" \/>\n<meta property=\"og:site_name\" content=\"Jane Finch Community Legal Services\" \/>\n<meta property=\"article:modified_time\" content=\"2024-01-21T19:00:18+00:00\" \/>\n<meta property=\"og:image\" content=\"https:\/\/janefinchcommunitylegalservices.ca\/wp-content\/uploads\/2019\/03\/bordermap.png\" \/>\n<meta name=\"twitter:card\" content=\"summary_large_image\" \/>\n<meta name=\"twitter:label1\" content=\"Est. reading time\" \/>\n\t<meta name=\"twitter:data1\" content=\"2 minutes\" \/>\n<script type=\"application\/ld+json\" class=\"yoast-schema-graph\">{\"@context\":\"https:\/\/schema.org\",\"@graph\":[{\"@type\":\"WebPage\",\"@id\":\"https:\/\/janefinchcommunitylegalservices.ca\/fr\/nos-services\/qui-nous-servons\/\",\"url\":\"https:\/\/janefinchcommunitylegalservices.ca\/fr\/nos-services\/qui-nous-servons\/\",\"name\":\"Qui nous servons - Jane Finch Community Legal Services\",\"isPartOf\":{\"@id\":\"https:\/\/janefinchcommunitylegalservices.ca\/#website\"},\"datePublished\":\"2024-01-21T14:59:37+00:00\",\"dateModified\":\"2024-01-21T19:00:18+00:00\",\"breadcrumb\":{\"@id\":\"https:\/\/janefinchcommunitylegalservices.ca\/fr\/nos-services\/qui-nous-servons\/#breadcrumb\"},\"inLanguage\":\"fr-FR\",\"potentialAction\":[{\"@type\":\"ReadAction\",\"target\":[\"https:\/\/janefinchcommunitylegalservices.ca\/fr\/nos-services\/qui-nous-servons\/\"]}]},{\"@type\":\"BreadcrumbList\",\"@id\":\"https:\/\/janefinchcommunitylegalservices.ca\/fr\/nos-services\/qui-nous-servons\/#breadcrumb\",\"itemListElement\":[{\"@type\":\"ListItem\",\"position\":1,\"name\":\"Home\",\"item\":\"https:\/\/janefinchcommunitylegalservices.ca\/fr\/\"},{\"@type\":\"ListItem\",\"position\":2,\"name\":\"Nos Services\",\"item\":\"https:\/\/janefinchcommunitylegalservices.ca\/fr\/nos-services\/\"},{\"@type\":\"ListItem\",\"position\":3,\"name\":\"Qui nous servons\"}]},{\"@type\":\"WebSite\",\"@id\":\"https:\/\/janefinchcommunitylegalservices.ca\/#website\",\"url\":\"https:\/\/janefinchcommunitylegalservices.ca\/\",\"name\":\"Jane Finch Community Legal Services\",\"description\":\"\",\"potentialAction\":[{\"@type\":\"SearchAction\",\"target\":{\"@type\":\"EntryPoint\",\"urlTemplate\":\"https:\/\/janefinchcommunitylegalservices.ca\/?s={search_term_string}\"},\"query-input\":\"required name=search_term_string\"}],\"inLanguage\":\"fr-FR\"}]}<\/script>\n<!-- \/ Yoast SEO plugin. -->","yoast_head_json":{"title":"Qui nous servons - Jane Finch Community Legal Services","robots":{"index":"index","follow":"follow","max-snippet":"max-snippet:-1","max-image-preview":"max-image-preview:large","max-video-preview":"max-video-preview:-1"},"canonical":"https:\/\/janefinchcommunitylegalservices.ca\/fr\/nos-services\/qui-nous-servons\/","og_locale":"fr_FR","og_type":"article","og_title":"Qui nous servons - Jane Finch Community Legal Services","og_description":"Diff\u00e9rence entre clinique juridique et aide juridique Beaucoup de gens sont confus et ne savent pas qui appeler lorsqu\u2019ils ont un probl\u00e8me juridique, sauf pour savoir qu\u2019ils veulent une \u2018aide juridique\u2019. Il existe deux principaux types de services financ\u00e9s par l&rsquo;aide juridique dans la plupart des communaut\u00e9s. Ils proposent des types d\u2019aide assez distincts.","og_url":"https:\/\/janefinchcommunitylegalservices.ca\/fr\/nos-services\/qui-nous-servons\/","og_site_name":"Jane Finch Community Legal Services","article_modified_time":"2024-01-21T19:00:18+00:00","og_image":[{"url":"https:\/\/janefinchcommunitylegalservices.ca\/wp-content\/uploads\/2019\/03\/bordermap.png"}],"twitter_card":"summary_large_image","twitter_misc":{"Est. reading time":"2 minutes"},"schema":{"@context":"https:\/\/schema.org","@graph":[{"@type":"WebPage","@id":"https:\/\/janefinchcommunitylegalservices.ca\/fr\/nos-services\/qui-nous-servons\/","url":"https:\/\/janefinchcommunitylegalservices.ca\/fr\/nos-services\/qui-nous-servons\/","name":"Qui nous servons - Jane Finch Community Legal Services","isPartOf":{"@id":"https:\/\/janefinchcommunitylegalservices.ca\/#website"},"datePublished":"2024-01-21T14:59:37+00:00","dateModified":"2024-01-21T19:00:18+00:00","breadcrumb":{"@id":"https:\/\/janefinchcommunitylegalservices.ca\/fr\/nos-services\/qui-nous-servons\/#breadcrumb"},"inLanguage":"fr-FR","potentialAction":[{"@type":"ReadAction","target":["https:\/\/janefinchcommunitylegalservices.ca\/fr\/nos-services\/qui-nous-servons\/"]}]},{"@type":"BreadcrumbList","@id":"https:\/\/janefinchcommunitylegalservices.ca\/fr\/nos-services\/qui-nous-servons\/#breadcrumb","itemListElement":[{"@type":"ListItem","position":1,"name":"Home","item":"https:\/\/janefinchcommunitylegalservices.ca\/fr\/"},{"@type":"ListItem","position":2,"name":"Nos Services","item":"https:\/\/janefinchcommunitylegalservices.ca\/fr\/nos-services\/"},{"@type":"ListItem","position":3,"name":"Qui nous servons"}]},{"@type":"WebSite","@id":"https:\/\/janefinchcommunitylegalservices.ca\/#website","url":"https:\/\/janefinchcommunitylegalservices.ca\/","name":"Jane Finch Community Legal Services","description":"","potentialAction":[{"@type":"SearchAction","target":{"@type":"EntryPoint","urlTemplate":"https:\/\/janefinchcommunitylegalservices.ca\/?s={search_term_string}"},"query-input":"required name=search_term_string"}],"inLanguage":"fr-FR"}]}},"_links":{"self":[{"href":"https:\/\/janefinchcommunitylegalservices.ca\/fr\/wp-json\/wp\/v2\/pages\/1298","targetHints":{"allow":["GET"]}}],"collection":[{"href":"https:\/\/janefinchcommunitylegalservices.ca\/fr\/wp-json\/wp\/v2\/pages"}],"about":[{"href":"https:\/\/janefinchcommunitylegalservices.ca\/fr\/wp-json\/wp\/v2\/types\/page"}],"author":[{"embeddable":true,"href":"https:\/\/janefinchcommunitylegalservices.ca\/fr\/wp-json\/wp\/v2\/users\/2"}],"replies":[{"embeddable":true,"href":"https:\/\/janefinchcommunitylegalservices.ca\/fr\/wp-json\/wp\/v2\/comments?post=1298"}],"version-history":[{"count":1,"href":"https:\/\/janefinchcommunitylegalservices.ca\/fr\/wp-json\/wp\/v2\/pages\/1298\/revisions"}],"predecessor-version":[{"id":1299,"href":"https:\/\/janefinchcommunitylegalservices.ca\/fr\/wp-json\/wp\/v2\/pages\/1298\/revisions\/1299"}],"up":[{"embeddable":true,"href":"https:\/\/janefinchcommunitylegalservices.ca\/fr\/wp-json\/wp\/v2\/pages\/1294"}],"wp:attachment":[{"href":"https:\/\/janefinchcommunitylegalservices.ca\/fr\/wp-json\/wp\/v2\/media?parent=1298"}],"curies":[{"name":"wp","href":"https:\/\/api.w.org\/{rel}","templated":true}]}}