{"id":1300,"date":"2024-01-21T10:00:48","date_gmt":"2024-01-21T15:00:48","guid":{"rendered":"https:\/\/temp4.turnbull.co\/?page_id=1300"},"modified":"2024-01-21T14:00:51","modified_gmt":"2024-01-21T19:00:51","slug":"groupes-communautaires","status":"publish","type":"page","link":"https:\/\/janefinchcommunitylegalservices.ca\/fr\/nos-services\/groupes-communautaires\/","title":{"rendered":"Groupes communautaires"},"content":{"rendered":"\n<p>Aider les groupes communautaires \u00e0 comprendre et \u00e0 utiliser la loi constitue une partie importante de notre travail. Nous pouvons travailler avec vous pour essayer de changer les lois et vous aider \u00e0 vous organiser en un groupe qui aura une voix forte.<\/p>\n<p>Nous assistons \u00e0 des r\u00e9unions, grandes et petites, pour parler des domaines du droit dans lesquels nous travaillons ou nous aidons des groupes de notre domaine \u00e0 trouver des experts dans d&rsquo;autres domaines juridiques. Veuillez nous contacter si vous \u00eates int\u00e9ress\u00e9 par ces services.<\/p>\n","protected":false},"excerpt":{"rendered":"<p>Aider les groupes communautaires \u00e0 comprendre et \u00e0 utiliser la loi constitue une partie importante de notre travail. Nous pouvons travailler avec vous pour essayer de changer les lois et vous aider \u00e0 vous organiser en un groupe qui aura une voix forte.<br \/>\nNous assistons \u00e0 des r\u00e9unions, grandes et petites,<\/p>\n","protected":false},"author":2,"featured_media":0,"parent":1294,"menu_order":0,"comment_status":"closed","ping_status":"closed","template":"","meta":{"footnotes":""},"class_list":["post-1300","page","type-page","status-publish","hentry"],"yoast_head":"<!-- This site is optimized with the Yoast SEO plugin v22.0 - https:\/\/yoast.com\/wordpress\/plugins\/seo\/ -->\n<title>Groupes communautaires - Jane Finch Community Legal Services<\/title>\n<meta name=\"robots\" content=\"index, follow, max-snippet:-1, max-image-preview:large, max-video-preview:-1\" \/>\n<link rel=\"canonical\" href=\"https:\/\/janefinchcommunitylegalservices.ca\/fr\/nos-services\/groupes-communautaires\/\" \/>\n<meta property=\"og:locale\" content=\"fr_FR\" \/>\n<meta property=\"og:type\" content=\"article\" \/>\n<meta property=\"og:title\" content=\"Groupes communautaires - Jane Finch Community Legal Services\" \/>\n<meta property=\"og:description\" content=\"Aider les groupes communautaires \u00e0 comprendre et \u00e0 utiliser la loi constitue une partie importante de notre travail. Nous pouvons travailler avec vous pour essayer de changer les lois et vous aider \u00e0 vous organiser en un groupe qui aura une voix forte. Nous assistons \u00e0 des r\u00e9unions, grandes et petites,\" \/>\n<meta property=\"og:url\" content=\"https:\/\/janefinchcommunitylegalservices.ca\/fr\/nos-services\/groupes-communautaires\/\" \/>\n<meta property=\"og:site_name\" content=\"Jane Finch Community Legal Services\" \/>\n<meta property=\"article:modified_time\" content=\"2024-01-21T19:00:51+00:00\" \/>\n<meta name=\"twitter:card\" content=\"summary_large_image\" \/>\n<meta name=\"twitter:label1\" content=\"Est. reading time\" \/>\n\t<meta name=\"twitter:data1\" content=\"1 minute\" \/>\n<script type=\"application\/ld+json\" class=\"yoast-schema-graph\">{\"@context\":\"https:\/\/schema.org\",\"@graph\":[{\"@type\":\"WebPage\",\"@id\":\"https:\/\/janefinchcommunitylegalservices.ca\/fr\/nos-services\/groupes-communautaires\/\",\"url\":\"https:\/\/janefinchcommunitylegalservices.ca\/fr\/nos-services\/groupes-communautaires\/\",\"name\":\"Groupes communautaires - Jane Finch Community Legal Services\",\"isPartOf\":{\"@id\":\"https:\/\/janefinchcommunitylegalservices.ca\/#website\"},\"datePublished\":\"2024-01-21T15:00:48+00:00\",\"dateModified\":\"2024-01-21T19:00:51+00:00\",\"breadcrumb\":{\"@id\":\"https:\/\/janefinchcommunitylegalservices.ca\/fr\/nos-services\/groupes-communautaires\/#breadcrumb\"},\"inLanguage\":\"fr-FR\",\"potentialAction\":[{\"@type\":\"ReadAction\",\"target\":[\"https:\/\/janefinchcommunitylegalservices.ca\/fr\/nos-services\/groupes-communautaires\/\"]}]},{\"@type\":\"BreadcrumbList\",\"@id\":\"https:\/\/janefinchcommunitylegalservices.ca\/fr\/nos-services\/groupes-communautaires\/#breadcrumb\",\"itemListElement\":[{\"@type\":\"ListItem\",\"position\":1,\"name\":\"Home\",\"item\":\"https:\/\/janefinchcommunitylegalservices.ca\/fr\/\"},{\"@type\":\"ListItem\",\"position\":2,\"name\":\"Nos Services\",\"item\":\"https:\/\/janefinchcommunitylegalservices.ca\/fr\/nos-services\/\"},{\"@type\":\"ListItem\",\"position\":3,\"name\":\"Groupes communautaires\"}]},{\"@type\":\"WebSite\",\"@id\":\"https:\/\/janefinchcommunitylegalservices.ca\/#website\",\"url\":\"https:\/\/janefinchcommunitylegalservices.ca\/\",\"name\":\"Jane Finch Community Legal Services\",\"description\":\"\",\"potentialAction\":[{\"@type\":\"SearchAction\",\"target\":{\"@type\":\"EntryPoint\",\"urlTemplate\":\"https:\/\/janefinchcommunitylegalservices.ca\/?s={search_term_string}\"},\"query-input\":\"required name=search_term_string\"}],\"inLanguage\":\"fr-FR\"}]}<\/script>\n<!-- \/ Yoast SEO plugin. -->","yoast_head_json":{"title":"Groupes communautaires - Jane Finch Community Legal Services","robots":{"index":"index","follow":"follow","max-snippet":"max-snippet:-1","max-image-preview":"max-image-preview:large","max-video-preview":"max-video-preview:-1"},"canonical":"https:\/\/janefinchcommunitylegalservices.ca\/fr\/nos-services\/groupes-communautaires\/","og_locale":"fr_FR","og_type":"article","og_title":"Groupes communautaires - Jane Finch Community Legal Services","og_description":"Aider les groupes communautaires \u00e0 comprendre et \u00e0 utiliser la loi constitue une partie importante de notre travail. Nous pouvons travailler avec vous pour essayer de changer les lois et vous aider \u00e0 vous organiser en un groupe qui aura une voix forte. Nous assistons \u00e0 des r\u00e9unions, grandes et petites,","og_url":"https:\/\/janefinchcommunitylegalservices.ca\/fr\/nos-services\/groupes-communautaires\/","og_site_name":"Jane Finch Community Legal Services","article_modified_time":"2024-01-21T19:00:51+00:00","twitter_card":"summary_large_image","twitter_misc":{"Est. reading time":"1 minute"},"schema":{"@context":"https:\/\/schema.org","@graph":[{"@type":"WebPage","@id":"https:\/\/janefinchcommunitylegalservices.ca\/fr\/nos-services\/groupes-communautaires\/","url":"https:\/\/janefinchcommunitylegalservices.ca\/fr\/nos-services\/groupes-communautaires\/","name":"Groupes communautaires - Jane Finch Community Legal Services","isPartOf":{"@id":"https:\/\/janefinchcommunitylegalservices.ca\/#website"},"datePublished":"2024-01-21T15:00:48+00:00","dateModified":"2024-01-21T19:00:51+00:00","breadcrumb":{"@id":"https:\/\/janefinchcommunitylegalservices.ca\/fr\/nos-services\/groupes-communautaires\/#breadcrumb"},"inLanguage":"fr-FR","potentialAction":[{"@type":"ReadAction","target":["https:\/\/janefinchcommunitylegalservices.ca\/fr\/nos-services\/groupes-communautaires\/"]}]},{"@type":"BreadcrumbList","@id":"https:\/\/janefinchcommunitylegalservices.ca\/fr\/nos-services\/groupes-communautaires\/#breadcrumb","itemListElement":[{"@type":"ListItem","position":1,"name":"Home","item":"https:\/\/janefinchcommunitylegalservices.ca\/fr\/"},{"@type":"ListItem","position":2,"name":"Nos Services","item":"https:\/\/janefinchcommunitylegalservices.ca\/fr\/nos-services\/"},{"@type":"ListItem","position":3,"name":"Groupes communautaires"}]},{"@type":"WebSite","@id":"https:\/\/janefinchcommunitylegalservices.ca\/#website","url":"https:\/\/janefinchcommunitylegalservices.ca\/","name":"Jane Finch Community Legal Services","description":"","potentialAction":[{"@type":"SearchAction","target":{"@type":"EntryPoint","urlTemplate":"https:\/\/janefinchcommunitylegalservices.ca\/?s={search_term_string}"},"query-input":"required name=search_term_string"}],"inLanguage":"fr-FR"}]}},"_links":{"self":[{"href":"https:\/\/janefinchcommunitylegalservices.ca\/fr\/wp-json\/wp\/v2\/pages\/1300","targetHints":{"allow":["GET"]}}],"collection":[{"href":"https:\/\/janefinchcommunitylegalservices.ca\/fr\/wp-json\/wp\/v2\/pages"}],"about":[{"href":"https:\/\/janefinchcommunitylegalservices.ca\/fr\/wp-json\/wp\/v2\/types\/page"}],"author":[{"embeddable":true,"href":"https:\/\/janefinchcommunitylegalservices.ca\/fr\/wp-json\/wp\/v2\/users\/2"}],"replies":[{"embeddable":true,"href":"https:\/\/janefinchcommunitylegalservices.ca\/fr\/wp-json\/wp\/v2\/comments?post=1300"}],"version-history":[{"count":1,"href":"https:\/\/janefinchcommunitylegalservices.ca\/fr\/wp-json\/wp\/v2\/pages\/1300\/revisions"}],"predecessor-version":[{"id":1301,"href":"https:\/\/janefinchcommunitylegalservices.ca\/fr\/wp-json\/wp\/v2\/pages\/1300\/revisions\/1301"}],"up":[{"embeddable":true,"href":"https:\/\/janefinchcommunitylegalservices.ca\/fr\/wp-json\/wp\/v2\/pages\/1294"}],"wp:attachment":[{"href":"https:\/\/janefinchcommunitylegalservices.ca\/fr\/wp-json\/wp\/v2\/media?parent=1300"}],"curies":[{"name":"wp","href":"https:\/\/api.w.org\/{rel}","templated":true}]}}