{"id":1302,"date":"2024-01-21T10:01:47","date_gmt":"2024-01-21T15:01:47","guid":{"rendered":"https:\/\/temp4.turnbull.co\/?page_id=1302"},"modified":"2024-01-21T14:01:14","modified_gmt":"2024-01-21T19:01:14","slug":"confidentialite","status":"publish","type":"page","link":"https:\/\/janefinchcommunitylegalservices.ca\/fr\/nos-services\/confidentialite\/","title":{"rendered":"Confidentialit\u00e9"},"content":{"rendered":"\n<p>Toutes les informations que vous nous donnez sur votre probl\u00e8me juridique sont confidentielles \u2013 que nous vous fournissions des conseils, que nous vous renvoyions \u00e0 un autre endroit pour obtenir de l\u2019aide ou que nous vous repr\u00e9sentions devant un tribunal. Les seules exceptions sont si nous entendons des informations qui montrent une probabilit\u00e9 de pr\u00e9judice grave pour vous ou pour autrui, ou si nous recevons une demande d\u2019Aide juridique Ontario pour obtenir des informations financi\u00e8res d\u00e9montrant que vous \u00eates admissible \u00e0 nos services.<\/p>\n","protected":false},"excerpt":{"rendered":"<p>Toutes les informations que vous nous donnez sur votre probl\u00e8me juridique sont confidentielles \u2013 que nous vous fournissions des conseils, que nous vous renvoyions \u00e0 un autre endroit pour obtenir de l\u2019aide ou que nous vous repr\u00e9sentions devant un tribunal. Les seules exceptions sont si nous entendons des informations qui montrent une probabilit\u00e9 de pr\u00e9judice grave pour vous ou pour autrui,<\/p>\n","protected":false},"author":2,"featured_media":0,"parent":1294,"menu_order":0,"comment_status":"closed","ping_status":"closed","template":"","meta":{"footnotes":""},"class_list":["post-1302","page","type-page","status-publish","hentry"],"yoast_head":"<!-- This site is optimized with the Yoast SEO plugin v22.0 - https:\/\/yoast.com\/wordpress\/plugins\/seo\/ -->\n<title>Confidentialit\u00e9 - Jane Finch Community Legal Services<\/title>\n<meta name=\"robots\" content=\"index, follow, max-snippet:-1, max-image-preview:large, max-video-preview:-1\" \/>\n<link rel=\"canonical\" href=\"https:\/\/janefinchcommunitylegalservices.ca\/fr\/nos-services\/confidentialite\/\" \/>\n<meta property=\"og:locale\" content=\"fr_FR\" \/>\n<meta property=\"og:type\" content=\"article\" \/>\n<meta property=\"og:title\" content=\"Confidentialit\u00e9 - Jane Finch Community Legal Services\" \/>\n<meta property=\"og:description\" content=\"Toutes les informations que vous nous donnez sur votre probl\u00e8me juridique sont confidentielles \u2013 que nous vous fournissions des conseils, que nous vous renvoyions \u00e0 un autre endroit pour obtenir de l\u2019aide ou que nous vous repr\u00e9sentions devant un tribunal. Les seules exceptions sont si nous entendons des informations qui montrent une probabilit\u00e9 de pr\u00e9judice grave pour vous ou pour autrui,\" \/>\n<meta property=\"og:url\" content=\"https:\/\/janefinchcommunitylegalservices.ca\/fr\/nos-services\/confidentialite\/\" \/>\n<meta property=\"og:site_name\" content=\"Jane Finch Community Legal Services\" \/>\n<meta property=\"article:modified_time\" content=\"2024-01-21T19:01:14+00:00\" \/>\n<meta name=\"twitter:card\" content=\"summary_large_image\" \/>\n<meta name=\"twitter:label1\" content=\"Est. reading time\" \/>\n\t<meta name=\"twitter:data1\" content=\"1 minute\" \/>\n<script type=\"application\/ld+json\" class=\"yoast-schema-graph\">{\"@context\":\"https:\/\/schema.org\",\"@graph\":[{\"@type\":\"WebPage\",\"@id\":\"https:\/\/janefinchcommunitylegalservices.ca\/fr\/nos-services\/confidentialite\/\",\"url\":\"https:\/\/janefinchcommunitylegalservices.ca\/fr\/nos-services\/confidentialite\/\",\"name\":\"Confidentialit\u00e9 - Jane Finch Community Legal Services\",\"isPartOf\":{\"@id\":\"https:\/\/janefinchcommunitylegalservices.ca\/#website\"},\"datePublished\":\"2024-01-21T15:01:47+00:00\",\"dateModified\":\"2024-01-21T19:01:14+00:00\",\"breadcrumb\":{\"@id\":\"https:\/\/janefinchcommunitylegalservices.ca\/fr\/nos-services\/confidentialite\/#breadcrumb\"},\"inLanguage\":\"fr-FR\",\"potentialAction\":[{\"@type\":\"ReadAction\",\"target\":[\"https:\/\/janefinchcommunitylegalservices.ca\/fr\/nos-services\/confidentialite\/\"]}]},{\"@type\":\"BreadcrumbList\",\"@id\":\"https:\/\/janefinchcommunitylegalservices.ca\/fr\/nos-services\/confidentialite\/#breadcrumb\",\"itemListElement\":[{\"@type\":\"ListItem\",\"position\":1,\"name\":\"Home\",\"item\":\"https:\/\/janefinchcommunitylegalservices.ca\/fr\/\"},{\"@type\":\"ListItem\",\"position\":2,\"name\":\"Nos Services\",\"item\":\"https:\/\/janefinchcommunitylegalservices.ca\/fr\/nos-services\/\"},{\"@type\":\"ListItem\",\"position\":3,\"name\":\"Confidentialit\u00e9\"}]},{\"@type\":\"WebSite\",\"@id\":\"https:\/\/janefinchcommunitylegalservices.ca\/#website\",\"url\":\"https:\/\/janefinchcommunitylegalservices.ca\/\",\"name\":\"Jane Finch Community Legal Services\",\"description\":\"\",\"potentialAction\":[{\"@type\":\"SearchAction\",\"target\":{\"@type\":\"EntryPoint\",\"urlTemplate\":\"https:\/\/janefinchcommunitylegalservices.ca\/?s={search_term_string}\"},\"query-input\":\"required name=search_term_string\"}],\"inLanguage\":\"fr-FR\"}]}<\/script>\n<!-- \/ Yoast SEO plugin. -->","yoast_head_json":{"title":"Confidentialit\u00e9 - Jane Finch Community Legal Services","robots":{"index":"index","follow":"follow","max-snippet":"max-snippet:-1","max-image-preview":"max-image-preview:large","max-video-preview":"max-video-preview:-1"},"canonical":"https:\/\/janefinchcommunitylegalservices.ca\/fr\/nos-services\/confidentialite\/","og_locale":"fr_FR","og_type":"article","og_title":"Confidentialit\u00e9 - Jane Finch Community Legal Services","og_description":"Toutes les informations que vous nous donnez sur votre probl\u00e8me juridique sont confidentielles \u2013 que nous vous fournissions des conseils, que nous vous renvoyions \u00e0 un autre endroit pour obtenir de l\u2019aide ou que nous vous repr\u00e9sentions devant un tribunal. Les seules exceptions sont si nous entendons des informations qui montrent une probabilit\u00e9 de pr\u00e9judice grave pour vous ou pour autrui,","og_url":"https:\/\/janefinchcommunitylegalservices.ca\/fr\/nos-services\/confidentialite\/","og_site_name":"Jane Finch Community Legal Services","article_modified_time":"2024-01-21T19:01:14+00:00","twitter_card":"summary_large_image","twitter_misc":{"Est. reading time":"1 minute"},"schema":{"@context":"https:\/\/schema.org","@graph":[{"@type":"WebPage","@id":"https:\/\/janefinchcommunitylegalservices.ca\/fr\/nos-services\/confidentialite\/","url":"https:\/\/janefinchcommunitylegalservices.ca\/fr\/nos-services\/confidentialite\/","name":"Confidentialit\u00e9 - Jane Finch Community Legal Services","isPartOf":{"@id":"https:\/\/janefinchcommunitylegalservices.ca\/#website"},"datePublished":"2024-01-21T15:01:47+00:00","dateModified":"2024-01-21T19:01:14+00:00","breadcrumb":{"@id":"https:\/\/janefinchcommunitylegalservices.ca\/fr\/nos-services\/confidentialite\/#breadcrumb"},"inLanguage":"fr-FR","potentialAction":[{"@type":"ReadAction","target":["https:\/\/janefinchcommunitylegalservices.ca\/fr\/nos-services\/confidentialite\/"]}]},{"@type":"BreadcrumbList","@id":"https:\/\/janefinchcommunitylegalservices.ca\/fr\/nos-services\/confidentialite\/#breadcrumb","itemListElement":[{"@type":"ListItem","position":1,"name":"Home","item":"https:\/\/janefinchcommunitylegalservices.ca\/fr\/"},{"@type":"ListItem","position":2,"name":"Nos Services","item":"https:\/\/janefinchcommunitylegalservices.ca\/fr\/nos-services\/"},{"@type":"ListItem","position":3,"name":"Confidentialit\u00e9"}]},{"@type":"WebSite","@id":"https:\/\/janefinchcommunitylegalservices.ca\/#website","url":"https:\/\/janefinchcommunitylegalservices.ca\/","name":"Jane Finch Community Legal Services","description":"","potentialAction":[{"@type":"SearchAction","target":{"@type":"EntryPoint","urlTemplate":"https:\/\/janefinchcommunitylegalservices.ca\/?s={search_term_string}"},"query-input":"required name=search_term_string"}],"inLanguage":"fr-FR"}]}},"_links":{"self":[{"href":"https:\/\/janefinchcommunitylegalservices.ca\/fr\/wp-json\/wp\/v2\/pages\/1302","targetHints":{"allow":["GET"]}}],"collection":[{"href":"https:\/\/janefinchcommunitylegalservices.ca\/fr\/wp-json\/wp\/v2\/pages"}],"about":[{"href":"https:\/\/janefinchcommunitylegalservices.ca\/fr\/wp-json\/wp\/v2\/types\/page"}],"author":[{"embeddable":true,"href":"https:\/\/janefinchcommunitylegalservices.ca\/fr\/wp-json\/wp\/v2\/users\/2"}],"replies":[{"embeddable":true,"href":"https:\/\/janefinchcommunitylegalservices.ca\/fr\/wp-json\/wp\/v2\/comments?post=1302"}],"version-history":[{"count":1,"href":"https:\/\/janefinchcommunitylegalservices.ca\/fr\/wp-json\/wp\/v2\/pages\/1302\/revisions"}],"predecessor-version":[{"id":1303,"href":"https:\/\/janefinchcommunitylegalservices.ca\/fr\/wp-json\/wp\/v2\/pages\/1302\/revisions\/1303"}],"up":[{"embeddable":true,"href":"https:\/\/janefinchcommunitylegalservices.ca\/fr\/wp-json\/wp\/v2\/pages\/1294"}],"wp:attachment":[{"href":"https:\/\/janefinchcommunitylegalservices.ca\/fr\/wp-json\/wp\/v2\/media?parent=1302"}],"curies":[{"name":"wp","href":"https:\/\/api.w.org\/{rel}","templated":true}]}}