{"id":1304,"date":"2024-01-21T10:03:28","date_gmt":"2024-01-21T15:03:28","guid":{"rendered":"https:\/\/temp4.turnbull.co\/?page_id=1304"},"modified":"2024-01-21T14:01:44","modified_gmt":"2024-01-21T19:01:44","slug":"admissibilite-financiere","status":"publish","type":"page","link":"https:\/\/janefinchcommunitylegalservices.ca\/fr\/nos-services\/admissibilite-financiere\/","title":{"rendered":"Admissibilit\u00e9 financi\u00e8re"},"content":{"rendered":"\n<p>Nous devons suivre les directives d\u2019\u00e9ligibilit\u00e9 financi\u00e8re. Si vous souhaitez que nous vous servions, nous devons vous demander des informations sur votre situation financi\u00e8re et familiale.<\/p>\n<p>Si vous n&rsquo;\u00eates pas admissible \u00e0 nos services ou si nous ne pouvons pas vous servir pour quelque raison que ce soit, nous vous recommanderons un service alternatif. Vous souhaiterez peut-\u00eatre contacter Aide juridique Ontario pour obtenir de l\u2019aide afin d\u2019embaucher un avocat au 1-800-668-8258 (ou au 416-979-1446 \u00e0 Toronto).<\/p>\n<p>Vous pouvez \u00e9galement contacter le <a href=\"https:\/\/lsrs.lso.ca\/lsrs\/welcome\" target=\"_blank\" rel=\"noopener\">Service de r\u00e9f\u00e9rence du Barreau<\/a> au 1-855-947-5255 ou au 416-947-5255 (dans la r\u00e9gion du Grand Toronto) si vous avez besoin d&rsquo;un avocat. Un appel t\u00e9l\u00e9phonique au LRS vous donnera les coordonn\u00e9es d&rsquo;un avocat qui vous offrira 30 minutes de consultation juridique gratuite.<\/p>\n","protected":false},"excerpt":{"rendered":"<p>Nous devons suivre les directives d\u2019\u00e9ligibilit\u00e9 financi\u00e8re. Si vous souhaitez que nous vous servions, nous devons vous demander des informations sur votre situation financi\u00e8re et familiale.<br \/>\nSi vous n&rsquo;\u00eates pas admissible \u00e0 nos services ou si nous ne pouvons pas vous servir pour quelque raison que ce soit, nous vous recommanderons un service alternatif.<\/p>\n","protected":false},"author":2,"featured_media":0,"parent":1294,"menu_order":0,"comment_status":"closed","ping_status":"closed","template":"","meta":{"footnotes":""},"class_list":["post-1304","page","type-page","status-publish","hentry"],"yoast_head":"<!-- This site is optimized with the Yoast SEO plugin v22.0 - https:\/\/yoast.com\/wordpress\/plugins\/seo\/ -->\n<title>Admissibilit\u00e9 financi\u00e8re - Jane Finch Community Legal Services<\/title>\n<meta name=\"robots\" content=\"index, follow, max-snippet:-1, max-image-preview:large, max-video-preview:-1\" \/>\n<link rel=\"canonical\" href=\"https:\/\/janefinchcommunitylegalservices.ca\/fr\/nos-services\/admissibilite-financiere\/\" \/>\n<meta property=\"og:locale\" content=\"fr_FR\" \/>\n<meta property=\"og:type\" content=\"article\" \/>\n<meta property=\"og:title\" content=\"Admissibilit\u00e9 financi\u00e8re - Jane Finch Community Legal Services\" \/>\n<meta property=\"og:description\" content=\"Nous devons suivre les directives d\u2019\u00e9ligibilit\u00e9 financi\u00e8re. Si vous souhaitez que nous vous servions, nous devons vous demander des informations sur votre situation financi\u00e8re et familiale. Si vous n&rsquo;\u00eates pas admissible \u00e0 nos services ou si nous ne pouvons pas vous servir pour quelque raison que ce soit, nous vous recommanderons un service alternatif.\" \/>\n<meta property=\"og:url\" content=\"https:\/\/janefinchcommunitylegalservices.ca\/fr\/nos-services\/admissibilite-financiere\/\" \/>\n<meta property=\"og:site_name\" content=\"Jane Finch Community Legal Services\" \/>\n<meta property=\"article:modified_time\" content=\"2024-01-21T19:01:44+00:00\" \/>\n<meta name=\"twitter:card\" content=\"summary_large_image\" \/>\n<meta name=\"twitter:label1\" content=\"Est. reading time\" \/>\n\t<meta name=\"twitter:data1\" content=\"1 minute\" \/>\n<script type=\"application\/ld+json\" class=\"yoast-schema-graph\">{\"@context\":\"https:\/\/schema.org\",\"@graph\":[{\"@type\":\"WebPage\",\"@id\":\"https:\/\/janefinchcommunitylegalservices.ca\/fr\/nos-services\/admissibilite-financiere\/\",\"url\":\"https:\/\/janefinchcommunitylegalservices.ca\/fr\/nos-services\/admissibilite-financiere\/\",\"name\":\"Admissibilit\u00e9 financi\u00e8re - Jane Finch Community Legal Services\",\"isPartOf\":{\"@id\":\"https:\/\/janefinchcommunitylegalservices.ca\/#website\"},\"datePublished\":\"2024-01-21T15:03:28+00:00\",\"dateModified\":\"2024-01-21T19:01:44+00:00\",\"breadcrumb\":{\"@id\":\"https:\/\/janefinchcommunitylegalservices.ca\/fr\/nos-services\/admissibilite-financiere\/#breadcrumb\"},\"inLanguage\":\"fr-FR\",\"potentialAction\":[{\"@type\":\"ReadAction\",\"target\":[\"https:\/\/janefinchcommunitylegalservices.ca\/fr\/nos-services\/admissibilite-financiere\/\"]}]},{\"@type\":\"BreadcrumbList\",\"@id\":\"https:\/\/janefinchcommunitylegalservices.ca\/fr\/nos-services\/admissibilite-financiere\/#breadcrumb\",\"itemListElement\":[{\"@type\":\"ListItem\",\"position\":1,\"name\":\"Home\",\"item\":\"https:\/\/janefinchcommunitylegalservices.ca\/fr\/\"},{\"@type\":\"ListItem\",\"position\":2,\"name\":\"Nos Services\",\"item\":\"https:\/\/janefinchcommunitylegalservices.ca\/fr\/nos-services\/\"},{\"@type\":\"ListItem\",\"position\":3,\"name\":\"Admissibilit\u00e9 financi\u00e8re\"}]},{\"@type\":\"WebSite\",\"@id\":\"https:\/\/janefinchcommunitylegalservices.ca\/#website\",\"url\":\"https:\/\/janefinchcommunitylegalservices.ca\/\",\"name\":\"Jane Finch Community Legal Services\",\"description\":\"\",\"potentialAction\":[{\"@type\":\"SearchAction\",\"target\":{\"@type\":\"EntryPoint\",\"urlTemplate\":\"https:\/\/janefinchcommunitylegalservices.ca\/?s={search_term_string}\"},\"query-input\":\"required name=search_term_string\"}],\"inLanguage\":\"fr-FR\"}]}<\/script>\n<!-- \/ Yoast SEO plugin. -->","yoast_head_json":{"title":"Admissibilit\u00e9 financi\u00e8re - Jane Finch Community Legal Services","robots":{"index":"index","follow":"follow","max-snippet":"max-snippet:-1","max-image-preview":"max-image-preview:large","max-video-preview":"max-video-preview:-1"},"canonical":"https:\/\/janefinchcommunitylegalservices.ca\/fr\/nos-services\/admissibilite-financiere\/","og_locale":"fr_FR","og_type":"article","og_title":"Admissibilit\u00e9 financi\u00e8re - Jane Finch Community Legal Services","og_description":"Nous devons suivre les directives d\u2019\u00e9ligibilit\u00e9 financi\u00e8re. Si vous souhaitez que nous vous servions, nous devons vous demander des informations sur votre situation financi\u00e8re et familiale. Si vous n&rsquo;\u00eates pas admissible \u00e0 nos services ou si nous ne pouvons pas vous servir pour quelque raison que ce soit, nous vous recommanderons un service alternatif.","og_url":"https:\/\/janefinchcommunitylegalservices.ca\/fr\/nos-services\/admissibilite-financiere\/","og_site_name":"Jane Finch Community Legal Services","article_modified_time":"2024-01-21T19:01:44+00:00","twitter_card":"summary_large_image","twitter_misc":{"Est. reading time":"1 minute"},"schema":{"@context":"https:\/\/schema.org","@graph":[{"@type":"WebPage","@id":"https:\/\/janefinchcommunitylegalservices.ca\/fr\/nos-services\/admissibilite-financiere\/","url":"https:\/\/janefinchcommunitylegalservices.ca\/fr\/nos-services\/admissibilite-financiere\/","name":"Admissibilit\u00e9 financi\u00e8re - Jane Finch Community Legal Services","isPartOf":{"@id":"https:\/\/janefinchcommunitylegalservices.ca\/#website"},"datePublished":"2024-01-21T15:03:28+00:00","dateModified":"2024-01-21T19:01:44+00:00","breadcrumb":{"@id":"https:\/\/janefinchcommunitylegalservices.ca\/fr\/nos-services\/admissibilite-financiere\/#breadcrumb"},"inLanguage":"fr-FR","potentialAction":[{"@type":"ReadAction","target":["https:\/\/janefinchcommunitylegalservices.ca\/fr\/nos-services\/admissibilite-financiere\/"]}]},{"@type":"BreadcrumbList","@id":"https:\/\/janefinchcommunitylegalservices.ca\/fr\/nos-services\/admissibilite-financiere\/#breadcrumb","itemListElement":[{"@type":"ListItem","position":1,"name":"Home","item":"https:\/\/janefinchcommunitylegalservices.ca\/fr\/"},{"@type":"ListItem","position":2,"name":"Nos Services","item":"https:\/\/janefinchcommunitylegalservices.ca\/fr\/nos-services\/"},{"@type":"ListItem","position":3,"name":"Admissibilit\u00e9 financi\u00e8re"}]},{"@type":"WebSite","@id":"https:\/\/janefinchcommunitylegalservices.ca\/#website","url":"https:\/\/janefinchcommunitylegalservices.ca\/","name":"Jane Finch Community Legal Services","description":"","potentialAction":[{"@type":"SearchAction","target":{"@type":"EntryPoint","urlTemplate":"https:\/\/janefinchcommunitylegalservices.ca\/?s={search_term_string}"},"query-input":"required name=search_term_string"}],"inLanguage":"fr-FR"}]}},"_links":{"self":[{"href":"https:\/\/janefinchcommunitylegalservices.ca\/fr\/wp-json\/wp\/v2\/pages\/1304","targetHints":{"allow":["GET"]}}],"collection":[{"href":"https:\/\/janefinchcommunitylegalservices.ca\/fr\/wp-json\/wp\/v2\/pages"}],"about":[{"href":"https:\/\/janefinchcommunitylegalservices.ca\/fr\/wp-json\/wp\/v2\/types\/page"}],"author":[{"embeddable":true,"href":"https:\/\/janefinchcommunitylegalservices.ca\/fr\/wp-json\/wp\/v2\/users\/2"}],"replies":[{"embeddable":true,"href":"https:\/\/janefinchcommunitylegalservices.ca\/fr\/wp-json\/wp\/v2\/comments?post=1304"}],"version-history":[{"count":1,"href":"https:\/\/janefinchcommunitylegalservices.ca\/fr\/wp-json\/wp\/v2\/pages\/1304\/revisions"}],"predecessor-version":[{"id":1305,"href":"https:\/\/janefinchcommunitylegalservices.ca\/fr\/wp-json\/wp\/v2\/pages\/1304\/revisions\/1305"}],"up":[{"embeddable":true,"href":"https:\/\/janefinchcommunitylegalservices.ca\/fr\/wp-json\/wp\/v2\/pages\/1294"}],"wp:attachment":[{"href":"https:\/\/janefinchcommunitylegalservices.ca\/fr\/wp-json\/wp\/v2\/media?parent=1304"}],"curies":[{"name":"wp","href":"https:\/\/api.w.org\/{rel}","templated":true}]}}